{"id":1391,"date":"2026-04-15T17:33:04","date_gmt":"2026-04-15T15:33:04","guid":{"rendered":"https:\/\/aurumglobal.es\/producto\/xiaomi-tv-a-32-tamano-compacto-con-pantalla-colorida-sonido-dinamico-con-audio-dolby-dts-x-y-dts-virtualx-fini-metalico-de-alta-gama\/"},"modified":"2026-04-15T17:33:06","modified_gmt":"2026-04-15T15:33:06","slug":"xiaomi-tv-a-32-tamano-compacto-con-pantalla-colorida-sonido-dinamico-con-audio-dolby-dts-x-y-dts-virtualx-fini-metalico-de-alta-gama","status":"publish","type":"product","link":"https:\/\/aurumglobal.es\/es\/producto\/xiaomi-tv-a-32-tamano-compacto-con-pantalla-colorida-sonido-dinamico-con-audio-dolby-dts-x-y-dts-virtualx-fini-metalico-de-alta-gama\/","title":{"rendered":"Xiaomi TV A 32, Tama\u00f1o compacto con pantalla colorida, sonido din\u00e1mico con audio Dolby \u2122 , DTS-X y DTS Virtual:X, Fini met\u00e1lico de alta gama"},"content":{"rendered":"<div class=\"detailmodule_html\">\n<div class=\"detail-desc-decorate-richtext\">\n<p><span style=\"font-size:20px\"><span style=\"font-size:20px\">El n\u00famero de registro del producto EPREL es: 1928431<\/span><\/span><\/p>\n<p><span style=\"font-size:20px\"><span style=\"font-size:20px\">ModeloL32M8-P2UE<\/span><\/span><\/p>\n<p><\/p>\n<p><span style=\"font-size:18px\"><strong>Descripci\u00f3n<\/strong><\/span><\/p>\n<h3><span><strong>\u3010Sistema de Google\u3011<\/strong><\/span>TV de Google\u21222, Asistente de Google integrado 3, acceso de Google Play 2, concentrador de control de hogar inteligente, Chromecast integrado\u21224 y Miracast, Netflix, Prime Video y YouTube preinstalados.<\/h3>\n<h3><strong><span>\u3010Sonido din\u00e1mico\u3011<\/span><\/strong>Con audio Dolby\u2122, DTS-X y DTS Virtual<\/h3>\n<h3><span><strong>\u3010Electrodom\u00e9sticos\u3011<\/strong><\/span>Como electrodom\u00e9stico principal, el Xiaomi TV A 32 se integra perfectamente en su hogar, ofreciendo entretenimiento y funcionalidad. Equipado con la aplicaci\u00f3n Mi Home, el televisor se puede controlar a trav\u00e9s de un tel\u00e9fono inteligente.<\/h3>\n<h3><strong><span>\u3010Tama\u00f1o compacto\u3011<\/span><\/strong>El Xiaomi TV A 32 cuenta con un tama\u00f1o compacto, perfecto para espacios peque\u00f1os o dormitorios, sin comprometer la experiencia visual.<\/h3>\n<h3><span><strong>\u3010Acabado met\u00e1lico\u3011<\/strong><\/span>El acabado met\u00e1lico de primera gama a\u00f1ade un toque de elegancia a su espacio vital, al mismo tiempo que garantiza durabilidad y longevidad.<\/h3>\n<h3><strong><span>\u3010Pantalla colorida\u3011<\/span><\/strong>Con una pantalla de colores vibrantes, este televisor LED garantiza im\u00e1genes v\u00edvidas y realistas, mejorando sus noches de cine y sus sesiones de juego.<\/h3>\n<p><img decoding=\"async\" src=\"https:\/\/ae01.alicdn.com\/kf\/Sc0c260c7563e43d59115eb1a2bb3da59D.jpg\"><\/p>\n<p><img decoding=\"async\" src=\"https:\/\/ae01.alicdn.com\/kf\/S506147a249ef4f22a463e8fca3df61d69.jpg\"><img decoding=\"async\" src=\"https:\/\/ae01.alicdn.com\/kf\/Sca8a56b4b1db4bf4966774edad06183c2.jpg\"><img decoding=\"async\" src=\"https:\/\/ae01.alicdn.com\/kf\/S3d4898acf6154658994509967ceac244M.jpg\"><img decoding=\"async\" src=\"https:\/\/ae01.alicdn.com\/kf\/Se9093bb4b51d41f585ec1c389816ec87Y.jpg\"><img decoding=\"async\" src=\"https:\/\/ae01.alicdn.com\/kf\/S86d9eb68187347e1b0734a6402ddcffdX.jpg\"><img decoding=\"async\" src=\"https:\/\/ae01.alicdn.com\/kf\/S3bb8a498268d474baa03f3589dbc5e44y.jpg\"><img decoding=\"async\" src=\"https:\/\/ae01.alicdn.com\/kf\/S84a3a066a8a54d97b74efad7507ca431d.jpg\"><img decoding=\"async\" src=\"https:\/\/ae01.alicdn.com\/kf\/S734f2cdd4a80429e9d6d438b137f3b51B.jpg\"><img decoding=\"async\" src=\"https:\/\/ae01.alicdn.com\/kf\/S305027a4dbfa4cf0bee01fdc83bca41fN.jpg\"><img decoding=\"async\" src=\"https:\/\/ae01.alicdn.com\/kf\/Sdab88de0004542bbb7e524c11a2594adM.png\"><\/p>\n<\/div>\n<\/div>","protected":false},"excerpt":{"rendered":"<p>El n\u00famero de registro del producto EPREL es: 1928431 ModeloL32M8-P2UE Descripci\u00f3n \u3010Sistema de Google\u3011TV de Google\u21222, Asistente de Google integrado<\/p>","protected":false},"featured_media":1392,"comment_status":"open","ping_status":"closed","template":"","meta":[],"product_brand":[],"product_cat":[],"product_tag":[],"class_list":{"0":"post-1391","1":"product","2":"type-product","3":"status-publish","4":"has-post-thumbnail","7":"first","8":"instock","9":"shipping-taxable","10":"purchasable","11":"product-type-variable"},"_links":{"self":[{"href":"https:\/\/aurumglobal.es\/es\/wp-json\/wp\/v2\/product\/1391","targetHints":{"allow":["GET"]}}],"collection":[{"href":"https:\/\/aurumglobal.es\/es\/wp-json\/wp\/v2\/product"}],"about":[{"href":"https:\/\/aurumglobal.es\/es\/wp-json\/wp\/v2\/types\/product"}],"replies":[{"embeddable":true,"href":"https:\/\/aurumglobal.es\/es\/wp-json\/wp\/v2\/comments?post=1391"}],"version-history":[{"count":0,"href":"https:\/\/aurumglobal.es\/es\/wp-json\/wp\/v2\/product\/1391\/revisions"}],"wp:featuredmedia":[{"embeddable":true,"href":"https:\/\/aurumglobal.es\/es\/wp-json\/wp\/v2\/media\/1392"}],"wp:attachment":[{"href":"https:\/\/aurumglobal.es\/es\/wp-json\/wp\/v2\/media?parent=1391"}],"wp:term":[{"taxonomy":"product_brand","embeddable":true,"href":"https:\/\/aurumglobal.es\/es\/wp-json\/wp\/v2\/product_brand?post=1391"},{"taxonomy":"product_cat","embeddable":true,"href":"https:\/\/aurumglobal.es\/es\/wp-json\/wp\/v2\/product_cat?post=1391"},{"taxonomy":"product_tag","embeddable":true,"href":"https:\/\/aurumglobal.es\/es\/wp-json\/wp\/v2\/product_tag?post=1391"}],"curies":[{"name":"wp","href":"https:\/\/api.w.org\/{rel}","templated":true}]}}